{"id":393,"date":"2021-10-14T13:41:21","date_gmt":"2021-10-14T13:41:21","guid":{"rendered":"https:\/\/demosites.io\/neve-3\/?page_id=393"},"modified":"2025-07-16T06:34:23","modified_gmt":"2025-07-16T06:34:23","slug":"carta","status":"publish","type":"page","link":"https:\/\/laparadadelosmartinez.com\/?page_id=393","title":{"rendered":"Carta"},"content":{"rendered":"\n<div class=\"wp-block-cover alignfull\" style=\"min-height:400px;aspect-ratio:unset;\"><span aria-hidden=\"true\" class=\"wp-block-cover__background has-nv-light-bg-background-color has-background-dim-100 has-background-dim\"><\/span><div class=\"wp-block-cover__inner-container is-layout-flow wp-block-cover-is-layout-flow\">\n<h2 class=\"wp-block-heading has-text-align-center has-neve-text-color-color has-text-color\">Pregunta por nuestros platos fuera de carta y sugerencias<\/h2>\n\n\n\n<p class=\"has-text-align-center has-neve-text-color-color has-text-color\">No te pierdas nuestros platos fuera de carta y las sugerencias del chef. Pregunta por nuestras creaciones exclusivas que var\u00edan cada d\u00eda, ofreciendo una experiencia culinaria \u00fanica y sorprendente en cada visita.<\/p>\n\n\n\n<div class=\"wp-block-buttons is-horizontal is-content-justification-center is-layout-flex wp-container-core-buttons-is-layout-499968f5 wp-block-buttons-is-layout-flex\"><\/div>\n\n\n\n<div style=\"height:40px\" aria-hidden=\"true\" class=\"wp-block-spacer\"><\/div>\n<\/div><\/div>\n\n\n\n<div class=\"wp-block-columns is-layout-flex wp-container-core-columns-is-layout-9d6595d7 wp-block-columns-is-layout-flex\">\n<div class=\"wp-block-column is-vertically-aligned-center is-layout-flow wp-block-column-is-layout-flow\">\n<div style=\"height:40px\" aria-hidden=\"true\" class=\"wp-block-spacer\"><\/div>\n\n\n<div class=\"wp-block-image is-style-default\">\n<figure class=\"aligncenter size-full is-resized\"><img loading=\"lazy\" decoding=\"async\" width=\"1701\" height=\"2386\" src=\"https:\/\/laparadadelosmartinez.com\/wp-content\/uploads\/2025\/07\/carta_2025_1.jpg\" alt=\"carta_2025_1\" class=\"wp-image-601\" style=\"width:1015px;height:auto\" srcset=\"https:\/\/laparadadelosmartinez.com\/wp-content\/uploads\/2025\/07\/carta_2025_1.jpg 1701w, https:\/\/laparadadelosmartinez.com\/wp-content\/uploads\/2025\/07\/carta_2025_1-214x300.jpg 214w, https:\/\/laparadadelosmartinez.com\/wp-content\/uploads\/2025\/07\/carta_2025_1-730x1024.jpg 730w, https:\/\/laparadadelosmartinez.com\/wp-content\/uploads\/2025\/07\/carta_2025_1-768x1077.jpg 768w, https:\/\/laparadadelosmartinez.com\/wp-content\/uploads\/2025\/07\/carta_2025_1-1095x1536.jpg 1095w, https:\/\/laparadadelosmartinez.com\/wp-content\/uploads\/2025\/07\/carta_2025_1-1460x2048.jpg 1460w\" sizes=\"auto, (max-width: 1701px) 100vw, 1701px\" \/><\/figure>\n<\/div>\n\n\n<div style=\"height:40px\" aria-hidden=\"true\" class=\"wp-block-spacer\"><\/div>\n\n\n<div class=\"wp-block-image is-style-default\">\n<figure class=\"aligncenter size-full is-resized\"><img loading=\"lazy\" decoding=\"async\" width=\"1701\" height=\"2386\" src=\"https:\/\/laparadadelosmartinez.com\/wp-content\/uploads\/2025\/07\/carta_2025_2.jpg\" alt=\"carta_2025_2\" class=\"wp-image-602\" style=\"width:1015px;height:auto\" srcset=\"https:\/\/laparadadelosmartinez.com\/wp-content\/uploads\/2025\/07\/carta_2025_2.jpg 1701w, https:\/\/laparadadelosmartinez.com\/wp-content\/uploads\/2025\/07\/carta_2025_2-214x300.jpg 214w, https:\/\/laparadadelosmartinez.com\/wp-content\/uploads\/2025\/07\/carta_2025_2-730x1024.jpg 730w, https:\/\/laparadadelosmartinez.com\/wp-content\/uploads\/2025\/07\/carta_2025_2-768x1077.jpg 768w, https:\/\/laparadadelosmartinez.com\/wp-content\/uploads\/2025\/07\/carta_2025_2-1095x1536.jpg 1095w, https:\/\/laparadadelosmartinez.com\/wp-content\/uploads\/2025\/07\/carta_2025_2-1460x2048.jpg 1460w\" sizes=\"auto, (max-width: 1701px) 100vw, 1701px\" \/><\/figure>\n<\/div>\n\n\n<div style=\"height:40px\" aria-hidden=\"true\" class=\"wp-block-spacer\"><\/div>\n\n\n<div class=\"wp-block-image is-style-default\">\n<figure class=\"aligncenter size-full is-resized\"><img loading=\"lazy\" decoding=\"async\" width=\"1701\" height=\"2386\" src=\"https:\/\/laparadadelosmartinez.com\/wp-content\/uploads\/2025\/07\/carta_2025_3.jpg\" alt=\"carta_2025_3\" class=\"wp-image-603\" style=\"width:1015px;height:auto\" srcset=\"https:\/\/laparadadelosmartinez.com\/wp-content\/uploads\/2025\/07\/carta_2025_3.jpg 1701w, https:\/\/laparadadelosmartinez.com\/wp-content\/uploads\/2025\/07\/carta_2025_3-214x300.jpg 214w, https:\/\/laparadadelosmartinez.com\/wp-content\/uploads\/2025\/07\/carta_2025_3-730x1024.jpg 730w, https:\/\/laparadadelosmartinez.com\/wp-content\/uploads\/2025\/07\/carta_2025_3-768x1077.jpg 768w, https:\/\/laparadadelosmartinez.com\/wp-content\/uploads\/2025\/07\/carta_2025_3-1095x1536.jpg 1095w, https:\/\/laparadadelosmartinez.com\/wp-content\/uploads\/2025\/07\/carta_2025_3-1460x2048.jpg 1460w\" sizes=\"auto, (max-width: 1701px) 100vw, 1701px\" \/><\/figure>\n<\/div>\n\n\n<div style=\"height:40px\" aria-hidden=\"true\" class=\"wp-block-spacer\"><\/div>\n\n\n<div class=\"wp-block-image is-style-default\">\n<figure class=\"aligncenter size-full is-resized\"><img loading=\"lazy\" decoding=\"async\" width=\"1701\" height=\"2386\" src=\"https:\/\/laparadadelosmartinez.com\/wp-content\/uploads\/2025\/07\/carta_2025_4.jpg\" alt=\"carta_2025_4\" class=\"wp-image-604\" style=\"width:1015px;height:auto\" srcset=\"https:\/\/laparadadelosmartinez.com\/wp-content\/uploads\/2025\/07\/carta_2025_4.jpg 1701w, https:\/\/laparadadelosmartinez.com\/wp-content\/uploads\/2025\/07\/carta_2025_4-214x300.jpg 214w, https:\/\/laparadadelosmartinez.com\/wp-content\/uploads\/2025\/07\/carta_2025_4-730x1024.jpg 730w, https:\/\/laparadadelosmartinez.com\/wp-content\/uploads\/2025\/07\/carta_2025_4-768x1077.jpg 768w, https:\/\/laparadadelosmartinez.com\/wp-content\/uploads\/2025\/07\/carta_2025_4-1095x1536.jpg 1095w, https:\/\/laparadadelosmartinez.com\/wp-content\/uploads\/2025\/07\/carta_2025_4-1460x2048.jpg 1460w\" sizes=\"auto, (max-width: 1701px) 100vw, 1701px\" \/><\/figure>\n<\/div>\n\n\n<div style=\"height:40px\" aria-hidden=\"true\" class=\"wp-block-spacer\"><\/div>\n\n\n<div class=\"wp-block-image is-style-default\">\n<figure class=\"aligncenter size-full is-resized\"><img loading=\"lazy\" decoding=\"async\" width=\"1701\" height=\"2386\" src=\"https:\/\/laparadadelosmartinez.com\/wp-content\/uploads\/2025\/07\/carta_2025_5.jpg\" alt=\"carta_2025_5\" class=\"wp-image-605\" style=\"width:1015px;height:auto\" srcset=\"https:\/\/laparadadelosmartinez.com\/wp-content\/uploads\/2025\/07\/carta_2025_5.jpg 1701w, https:\/\/laparadadelosmartinez.com\/wp-content\/uploads\/2025\/07\/carta_2025_5-214x300.jpg 214w, https:\/\/laparadadelosmartinez.com\/wp-content\/uploads\/2025\/07\/carta_2025_5-730x1024.jpg 730w, https:\/\/laparadadelosmartinez.com\/wp-content\/uploads\/2025\/07\/carta_2025_5-768x1077.jpg 768w, https:\/\/laparadadelosmartinez.com\/wp-content\/uploads\/2025\/07\/carta_2025_5-1095x1536.jpg 1095w, https:\/\/laparadadelosmartinez.com\/wp-content\/uploads\/2025\/07\/carta_2025_5-1460x2048.jpg 1460w\" sizes=\"auto, (max-width: 1701px) 100vw, 1701px\" \/><\/figure>\n<\/div>\n\n\n<div style=\"height:40px\" aria-hidden=\"true\" class=\"wp-block-spacer\"><\/div>\n\n\n<div class=\"wp-block-image is-style-default\">\n<figure class=\"aligncenter size-full is-resized\"><img loading=\"lazy\" decoding=\"async\" width=\"1701\" height=\"2386\" src=\"https:\/\/laparadadelosmartinez.com\/wp-content\/uploads\/2025\/07\/carta_2025_6.jpg\" alt=\"carta_2025_6\" class=\"wp-image-606\" style=\"width:1015px;height:auto\" srcset=\"https:\/\/laparadadelosmartinez.com\/wp-content\/uploads\/2025\/07\/carta_2025_6.jpg 1701w, https:\/\/laparadadelosmartinez.com\/wp-content\/uploads\/2025\/07\/carta_2025_6-214x300.jpg 214w, https:\/\/laparadadelosmartinez.com\/wp-content\/uploads\/2025\/07\/carta_2025_6-730x1024.jpg 730w, https:\/\/laparadadelosmartinez.com\/wp-content\/uploads\/2025\/07\/carta_2025_6-768x1077.jpg 768w, https:\/\/laparadadelosmartinez.com\/wp-content\/uploads\/2025\/07\/carta_2025_6-1095x1536.jpg 1095w, https:\/\/laparadadelosmartinez.com\/wp-content\/uploads\/2025\/07\/carta_2025_6-1460x2048.jpg 1460w\" sizes=\"auto, (max-width: 1701px) 100vw, 1701px\" \/><\/figure>\n<\/div>\n\n\n<div style=\"height:40px\" aria-hidden=\"true\" class=\"wp-block-spacer\"><\/div>\n\n\n<div class=\"wp-block-image is-style-default\">\n<figure class=\"aligncenter size-full is-resized\"><img loading=\"lazy\" decoding=\"async\" width=\"1701\" height=\"2386\" src=\"https:\/\/laparadadelosmartinez.com\/wp-content\/uploads\/2025\/07\/carta_2025_7.jpg\" alt=\"carta_2025_7\" class=\"wp-image-607\" style=\"width:1015px;height:auto\" srcset=\"https:\/\/laparadadelosmartinez.com\/wp-content\/uploads\/2025\/07\/carta_2025_7.jpg 1701w, https:\/\/laparadadelosmartinez.com\/wp-content\/uploads\/2025\/07\/carta_2025_7-214x300.jpg 214w, https:\/\/laparadadelosmartinez.com\/wp-content\/uploads\/2025\/07\/carta_2025_7-730x1024.jpg 730w, https:\/\/laparadadelosmartinez.com\/wp-content\/uploads\/2025\/07\/carta_2025_7-768x1077.jpg 768w, https:\/\/laparadadelosmartinez.com\/wp-content\/uploads\/2025\/07\/carta_2025_7-1095x1536.jpg 1095w, https:\/\/laparadadelosmartinez.com\/wp-content\/uploads\/2025\/07\/carta_2025_7-1460x2048.jpg 1460w\" sizes=\"auto, (max-width: 1701px) 100vw, 1701px\" \/><\/figure>\n<\/div>\n\n\n<div style=\"height:40px\" aria-hidden=\"true\" class=\"wp-block-spacer\"><\/div>\n\n\n<div class=\"wp-block-image is-style-default\">\n<figure class=\"aligncenter size-full is-resized\"><img loading=\"lazy\" decoding=\"async\" width=\"1701\" height=\"2386\" src=\"https:\/\/laparadadelosmartinez.com\/wp-content\/uploads\/2025\/07\/carta_2025_8.jpg\" alt=\"carta_2025_8\" class=\"wp-image-608\" style=\"width:1015px;height:auto\" srcset=\"https:\/\/laparadadelosmartinez.com\/wp-content\/uploads\/2025\/07\/carta_2025_8.jpg 1701w, https:\/\/laparadadelosmartinez.com\/wp-content\/uploads\/2025\/07\/carta_2025_8-214x300.jpg 214w, https:\/\/laparadadelosmartinez.com\/wp-content\/uploads\/2025\/07\/carta_2025_8-730x1024.jpg 730w, https:\/\/laparadadelosmartinez.com\/wp-content\/uploads\/2025\/07\/carta_2025_8-768x1077.jpg 768w, https:\/\/laparadadelosmartinez.com\/wp-content\/uploads\/2025\/07\/carta_2025_8-1095x1536.jpg 1095w, https:\/\/laparadadelosmartinez.com\/wp-content\/uploads\/2025\/07\/carta_2025_8-1460x2048.jpg 1460w\" sizes=\"auto, (max-width: 1701px) 100vw, 1701px\" \/><\/figure>\n<\/div>\n\n\n<div style=\"height:40px\" aria-hidden=\"true\" class=\"wp-block-spacer\"><\/div>\n\n\n<div class=\"wp-block-image is-style-default\">\n<figure class=\"aligncenter size-full is-resized\"><img loading=\"lazy\" decoding=\"async\" width=\"1701\" height=\"2386\" src=\"https:\/\/laparadadelosmartinez.com\/wp-content\/uploads\/2025\/07\/carta_2025_9.jpg\" alt=\"carta_2025_9\" class=\"wp-image-609\" style=\"width:1015px;height:auto\" srcset=\"https:\/\/laparadadelosmartinez.com\/wp-content\/uploads\/2025\/07\/carta_2025_9.jpg 1701w, https:\/\/laparadadelosmartinez.com\/wp-content\/uploads\/2025\/07\/carta_2025_9-214x300.jpg 214w, https:\/\/laparadadelosmartinez.com\/wp-content\/uploads\/2025\/07\/carta_2025_9-730x1024.jpg 730w, https:\/\/laparadadelosmartinez.com\/wp-content\/uploads\/2025\/07\/carta_2025_9-768x1077.jpg 768w, https:\/\/laparadadelosmartinez.com\/wp-content\/uploads\/2025\/07\/carta_2025_9-1095x1536.jpg 1095w, https:\/\/laparadadelosmartinez.com\/wp-content\/uploads\/2025\/07\/carta_2025_9-1460x2048.jpg 1460w\" sizes=\"auto, (max-width: 1701px) 100vw, 1701px\" \/><\/figure>\n<\/div>\n\n\n<div style=\"height:40px\" aria-hidden=\"true\" class=\"wp-block-spacer\"><\/div>\n\n\n<div class=\"wp-block-image is-style-default\">\n<figure class=\"aligncenter size-full is-resized\"><img loading=\"lazy\" decoding=\"async\" width=\"1701\" height=\"2386\" src=\"https:\/\/laparadadelosmartinez.com\/wp-content\/uploads\/2025\/07\/carta_2025_10.jpg\" alt=\"carta_2025_10\" class=\"wp-image-610\" style=\"width:1015px;height:auto\" srcset=\"https:\/\/laparadadelosmartinez.com\/wp-content\/uploads\/2025\/07\/carta_2025_10.jpg 1701w, https:\/\/laparadadelosmartinez.com\/wp-content\/uploads\/2025\/07\/carta_2025_10-214x300.jpg 214w, https:\/\/laparadadelosmartinez.com\/wp-content\/uploads\/2025\/07\/carta_2025_10-730x1024.jpg 730w, https:\/\/laparadadelosmartinez.com\/wp-content\/uploads\/2025\/07\/carta_2025_10-768x1077.jpg 768w, https:\/\/laparadadelosmartinez.com\/wp-content\/uploads\/2025\/07\/carta_2025_10-1095x1536.jpg 1095w, https:\/\/laparadadelosmartinez.com\/wp-content\/uploads\/2025\/07\/carta_2025_10-1460x2048.jpg 1460w\" sizes=\"auto, (max-width: 1701px) 100vw, 1701px\" \/><\/figure>\n<\/div>\n\n\n<div style=\"height:40px\" aria-hidden=\"true\" class=\"wp-block-spacer\"><\/div>\n\n\n<div class=\"wp-block-image is-style-default\">\n<figure class=\"aligncenter size-full is-resized\"><img loading=\"lazy\" decoding=\"async\" width=\"1701\" height=\"2386\" src=\"https:\/\/laparadadelosmartinez.com\/wp-content\/uploads\/2025\/07\/carta_2025_11.jpg\" alt=\"carta_2025_11\" class=\"wp-image-611\" style=\"width:1015px;height:auto\" srcset=\"https:\/\/laparadadelosmartinez.com\/wp-content\/uploads\/2025\/07\/carta_2025_11.jpg 1701w, https:\/\/laparadadelosmartinez.com\/wp-content\/uploads\/2025\/07\/carta_2025_11-214x300.jpg 214w, https:\/\/laparadadelosmartinez.com\/wp-content\/uploads\/2025\/07\/carta_2025_11-730x1024.jpg 730w, https:\/\/laparadadelosmartinez.com\/wp-content\/uploads\/2025\/07\/carta_2025_11-768x1077.jpg 768w, https:\/\/laparadadelosmartinez.com\/wp-content\/uploads\/2025\/07\/carta_2025_11-1095x1536.jpg 1095w, https:\/\/laparadadelosmartinez.com\/wp-content\/uploads\/2025\/07\/carta_2025_11-1460x2048.jpg 1460w\" sizes=\"auto, (max-width: 1701px) 100vw, 1701px\" \/><\/figure>\n<\/div>\n\n\n<div style=\"height:40px\" aria-hidden=\"true\" class=\"wp-block-spacer\"><\/div>\n\n\n<div class=\"wp-block-image is-style-default\">\n<figure class=\"aligncenter size-full is-resized\"><img loading=\"lazy\" decoding=\"async\" width=\"1701\" height=\"2386\" src=\"https:\/\/laparadadelosmartinez.com\/wp-content\/uploads\/2025\/07\/carta_2025_12.jpg\" alt=\"carta_2025_12\" class=\"wp-image-612\" style=\"width:1015px;height:auto\" srcset=\"https:\/\/laparadadelosmartinez.com\/wp-content\/uploads\/2025\/07\/carta_2025_12.jpg 1701w, https:\/\/laparadadelosmartinez.com\/wp-content\/uploads\/2025\/07\/carta_2025_12-214x300.jpg 214w, https:\/\/laparadadelosmartinez.com\/wp-content\/uploads\/2025\/07\/carta_2025_12-730x1024.jpg 730w, https:\/\/laparadadelosmartinez.com\/wp-content\/uploads\/2025\/07\/carta_2025_12-768x1077.jpg 768w, https:\/\/laparadadelosmartinez.com\/wp-content\/uploads\/2025\/07\/carta_2025_12-1095x1536.jpg 1095w, https:\/\/laparadadelosmartinez.com\/wp-content\/uploads\/2025\/07\/carta_2025_12-1460x2048.jpg 1460w\" sizes=\"auto, (max-width: 1701px) 100vw, 1701px\" \/><\/figure>\n<\/div>\n\n\n<div style=\"height:40px\" aria-hidden=\"true\" class=\"wp-block-spacer\"><\/div>\n<\/div>\n<\/div>\n\n\n\n<p><\/p>\n","protected":false},"excerpt":{"rendered":"","protected":false},"author":1,"featured_media":0,"parent":0,"menu_order":0,"comment_status":"closed","ping_status":"closed","template":"","meta":{"neve_meta_sidebar":"","neve_meta_container":"contained","neve_meta_enable_content_width":"on","neve_meta_content_width":100,"neve_meta_title_alignment":"","neve_meta_author_avatar":"","neve_post_elements_order":"","neve_meta_disable_header":"","neve_meta_disable_footer":"","neve_meta_disable_title":"on","_themeisle_gutenberg_block_has_review":false,"footnotes":""},"class_list":["post-393","page","type-page","status-publish","hentry"],"yoast_head":"<!-- This site is optimized with the Yoast SEO plugin v27.1.1 - https:\/\/yoast.com\/product\/yoast-seo-wordpress\/ -->\n<title>Carta - La parada de los Martinez<\/title>\n<meta name=\"description\" content=\"Aqu\u00ed puedes encontrar la carta mas reciente del bar restaurante La parada de los Mart\u00ednez, un lugar de comida tradicional.\" \/>\n<meta name=\"robots\" content=\"index, follow, max-snippet:-1, max-image-preview:large, max-video-preview:-1\" \/>\n<link rel=\"canonical\" href=\"https:\/\/laparadadelosmartinez.com\/?page_id=393\" \/>\n<meta property=\"og:locale\" content=\"es_ES\" \/>\n<meta property=\"og:type\" content=\"article\" \/>\n<meta property=\"og:title\" content=\"Carta - La parada de los Martinez\" \/>\n<meta property=\"og:description\" content=\"Aqu\u00ed puedes encontrar la carta mas reciente del bar restaurante La parada de los Mart\u00ednez, un lugar de comida tradicional.\" \/>\n<meta property=\"og:url\" content=\"https:\/\/laparadadelosmartinez.com\/?page_id=393\" \/>\n<meta property=\"og:site_name\" content=\"La parada de los Martinez\" \/>\n<meta property=\"article:modified_time\" content=\"2025-07-16T06:34:23+00:00\" \/>\n<meta property=\"og:image\" content=\"https:\/\/laparadadelosmartinez.com\/wp-content\/uploads\/2025\/07\/carta_2025_1.jpg\" \/>\n\t<meta property=\"og:image:width\" content=\"1701\" \/>\n\t<meta property=\"og:image:height\" content=\"2386\" \/>\n\t<meta property=\"og:image:type\" content=\"image\/jpeg\" \/>\n<meta name=\"twitter:card\" content=\"summary_large_image\" \/>\n<meta name=\"twitter:label1\" content=\"Tiempo de lectura\" \/>\n\t<meta name=\"twitter:data1\" content=\"3 minutos\" \/>\n<script type=\"application\/ld+json\" class=\"yoast-schema-graph\">{\"@context\":\"https:\/\/schema.org\",\"@graph\":[{\"@type\":\"WebPage\",\"@id\":\"https:\/\/laparadadelosmartinez.com\/?page_id=393\",\"url\":\"https:\/\/laparadadelosmartinez.com\/?page_id=393\",\"name\":\"Carta - La parada de los Martinez\",\"isPartOf\":{\"@id\":\"https:\/\/laparadadelosmartinez.com\/#website\"},\"primaryImageOfPage\":{\"@id\":\"https:\/\/laparadadelosmartinez.com\/?page_id=393#primaryimage\"},\"image\":{\"@id\":\"https:\/\/laparadadelosmartinez.com\/?page_id=393#primaryimage\"},\"thumbnailUrl\":\"https:\/\/laparadadelosmartinez.com\/wp-content\/uploads\/2025\/07\/carta_2025_1.jpg\",\"datePublished\":\"2021-10-14T13:41:21+00:00\",\"dateModified\":\"2025-07-16T06:34:23+00:00\",\"description\":\"Aqu\u00ed puedes encontrar la carta mas reciente del bar restaurante La parada de los Mart\u00ednez, un lugar de comida tradicional.\",\"breadcrumb\":{\"@id\":\"https:\/\/laparadadelosmartinez.com\/?page_id=393#breadcrumb\"},\"inLanguage\":\"es\",\"potentialAction\":[{\"@type\":\"ReadAction\",\"target\":[\"https:\/\/laparadadelosmartinez.com\/?page_id=393\"]}]},{\"@type\":\"ImageObject\",\"inLanguage\":\"es\",\"@id\":\"https:\/\/laparadadelosmartinez.com\/?page_id=393#primaryimage\",\"url\":\"https:\/\/laparadadelosmartinez.com\/wp-content\/uploads\/2025\/07\/carta_2025_1.jpg\",\"contentUrl\":\"https:\/\/laparadadelosmartinez.com\/wp-content\/uploads\/2025\/07\/carta_2025_1.jpg\",\"width\":1701,\"height\":2386,\"caption\":\"carta_2025_1\"},{\"@type\":\"BreadcrumbList\",\"@id\":\"https:\/\/laparadadelosmartinez.com\/?page_id=393#breadcrumb\",\"itemListElement\":[{\"@type\":\"ListItem\",\"position\":1,\"name\":\"Portada\",\"item\":\"https:\/\/laparadadelosmartinez.com\/\"},{\"@type\":\"ListItem\",\"position\":2,\"name\":\"Carta\"}]},{\"@type\":\"WebSite\",\"@id\":\"https:\/\/laparadadelosmartinez.com\/#website\",\"url\":\"https:\/\/laparadadelosmartinez.com\/\",\"name\":\"La parada de los Martinez\",\"description\":\"\",\"publisher\":{\"@id\":\"https:\/\/laparadadelosmartinez.com\/#organization\"},\"potentialAction\":[{\"@type\":\"SearchAction\",\"target\":{\"@type\":\"EntryPoint\",\"urlTemplate\":\"https:\/\/laparadadelosmartinez.com\/?s={search_term_string}\"},\"query-input\":{\"@type\":\"PropertyValueSpecification\",\"valueRequired\":true,\"valueName\":\"search_term_string\"}}],\"inLanguage\":\"es\"},{\"@type\":\"Organization\",\"@id\":\"https:\/\/laparadadelosmartinez.com\/#organization\",\"name\":\"La parada de los Martinez\",\"url\":\"https:\/\/laparadadelosmartinez.com\/\",\"logo\":{\"@type\":\"ImageObject\",\"inLanguage\":\"es\",\"@id\":\"https:\/\/laparadadelosmartinez.com\/#\/schema\/logo\/image\/\",\"url\":\"https:\/\/laparadadelosmartinez.com\/wp-content\/uploads\/2021\/02\/logo-neve.svg\",\"contentUrl\":\"https:\/\/laparadadelosmartinez.com\/wp-content\/uploads\/2021\/02\/logo-neve.svg\",\"width\":85,\"height\":83,\"caption\":\"La parada de los Martinez\"},\"image\":{\"@id\":\"https:\/\/laparadadelosmartinez.com\/#\/schema\/logo\/image\/\"},\"sameAs\":[\"https:\/\/www.instagram.com\/laparada_delosmartinez\"]}]}<\/script>\n<!-- \/ Yoast SEO plugin. -->","yoast_head_json":{"title":"Carta - La parada de los Martinez","description":"Aqu\u00ed puedes encontrar la carta mas reciente del bar restaurante La parada de los Mart\u00ednez, un lugar de comida tradicional.","robots":{"index":"index","follow":"follow","max-snippet":"max-snippet:-1","max-image-preview":"max-image-preview:large","max-video-preview":"max-video-preview:-1"},"canonical":"https:\/\/laparadadelosmartinez.com\/?page_id=393","og_locale":"es_ES","og_type":"article","og_title":"Carta - La parada de los Martinez","og_description":"Aqu\u00ed puedes encontrar la carta mas reciente del bar restaurante La parada de los Mart\u00ednez, un lugar de comida tradicional.","og_url":"https:\/\/laparadadelosmartinez.com\/?page_id=393","og_site_name":"La parada de los Martinez","article_modified_time":"2025-07-16T06:34:23+00:00","og_image":[{"width":1701,"height":2386,"url":"https:\/\/laparadadelosmartinez.com\/wp-content\/uploads\/2025\/07\/carta_2025_1.jpg","type":"image\/jpeg"}],"twitter_card":"summary_large_image","twitter_misc":{"Tiempo de lectura":"3 minutos"},"schema":{"@context":"https:\/\/schema.org","@graph":[{"@type":"WebPage","@id":"https:\/\/laparadadelosmartinez.com\/?page_id=393","url":"https:\/\/laparadadelosmartinez.com\/?page_id=393","name":"Carta - La parada de los Martinez","isPartOf":{"@id":"https:\/\/laparadadelosmartinez.com\/#website"},"primaryImageOfPage":{"@id":"https:\/\/laparadadelosmartinez.com\/?page_id=393#primaryimage"},"image":{"@id":"https:\/\/laparadadelosmartinez.com\/?page_id=393#primaryimage"},"thumbnailUrl":"https:\/\/laparadadelosmartinez.com\/wp-content\/uploads\/2025\/07\/carta_2025_1.jpg","datePublished":"2021-10-14T13:41:21+00:00","dateModified":"2025-07-16T06:34:23+00:00","description":"Aqu\u00ed puedes encontrar la carta mas reciente del bar restaurante La parada de los Mart\u00ednez, un lugar de comida tradicional.","breadcrumb":{"@id":"https:\/\/laparadadelosmartinez.com\/?page_id=393#breadcrumb"},"inLanguage":"es","potentialAction":[{"@type":"ReadAction","target":["https:\/\/laparadadelosmartinez.com\/?page_id=393"]}]},{"@type":"ImageObject","inLanguage":"es","@id":"https:\/\/laparadadelosmartinez.com\/?page_id=393#primaryimage","url":"https:\/\/laparadadelosmartinez.com\/wp-content\/uploads\/2025\/07\/carta_2025_1.jpg","contentUrl":"https:\/\/laparadadelosmartinez.com\/wp-content\/uploads\/2025\/07\/carta_2025_1.jpg","width":1701,"height":2386,"caption":"carta_2025_1"},{"@type":"BreadcrumbList","@id":"https:\/\/laparadadelosmartinez.com\/?page_id=393#breadcrumb","itemListElement":[{"@type":"ListItem","position":1,"name":"Portada","item":"https:\/\/laparadadelosmartinez.com\/"},{"@type":"ListItem","position":2,"name":"Carta"}]},{"@type":"WebSite","@id":"https:\/\/laparadadelosmartinez.com\/#website","url":"https:\/\/laparadadelosmartinez.com\/","name":"La parada de los Martinez","description":"","publisher":{"@id":"https:\/\/laparadadelosmartinez.com\/#organization"},"potentialAction":[{"@type":"SearchAction","target":{"@type":"EntryPoint","urlTemplate":"https:\/\/laparadadelosmartinez.com\/?s={search_term_string}"},"query-input":{"@type":"PropertyValueSpecification","valueRequired":true,"valueName":"search_term_string"}}],"inLanguage":"es"},{"@type":"Organization","@id":"https:\/\/laparadadelosmartinez.com\/#organization","name":"La parada de los Martinez","url":"https:\/\/laparadadelosmartinez.com\/","logo":{"@type":"ImageObject","inLanguage":"es","@id":"https:\/\/laparadadelosmartinez.com\/#\/schema\/logo\/image\/","url":"https:\/\/laparadadelosmartinez.com\/wp-content\/uploads\/2021\/02\/logo-neve.svg","contentUrl":"https:\/\/laparadadelosmartinez.com\/wp-content\/uploads\/2021\/02\/logo-neve.svg","width":85,"height":83,"caption":"La parada de los Martinez"},"image":{"@id":"https:\/\/laparadadelosmartinez.com\/#\/schema\/logo\/image\/"},"sameAs":["https:\/\/www.instagram.com\/laparada_delosmartinez"]}]}},"_links":{"self":[{"href":"https:\/\/laparadadelosmartinez.com\/index.php?rest_route=\/wp\/v2\/pages\/393","targetHints":{"allow":["GET"]}}],"collection":[{"href":"https:\/\/laparadadelosmartinez.com\/index.php?rest_route=\/wp\/v2\/pages"}],"about":[{"href":"https:\/\/laparadadelosmartinez.com\/index.php?rest_route=\/wp\/v2\/types\/page"}],"author":[{"embeddable":true,"href":"https:\/\/laparadadelosmartinez.com\/index.php?rest_route=\/wp\/v2\/users\/1"}],"replies":[{"embeddable":true,"href":"https:\/\/laparadadelosmartinez.com\/index.php?rest_route=%2Fwp%2Fv2%2Fcomments&post=393"}],"version-history":[{"count":8,"href":"https:\/\/laparadadelosmartinez.com\/index.php?rest_route=\/wp\/v2\/pages\/393\/revisions"}],"predecessor-version":[{"id":616,"href":"https:\/\/laparadadelosmartinez.com\/index.php?rest_route=\/wp\/v2\/pages\/393\/revisions\/616"}],"wp:attachment":[{"href":"https:\/\/laparadadelosmartinez.com\/index.php?rest_route=%2Fwp%2Fv2%2Fmedia&parent=393"}],"curies":[{"name":"wp","href":"https:\/\/api.w.org\/{rel}","templated":true}]}}